{"id":1082,"date":"2017-09-19T15:09:47","date_gmt":"2017-09-19T15:09:47","guid":{"rendered":"http:\/\/alchemists-wp.dan-fisher.com\/soccer\/?page_id=1082"},"modified":"2025-06-26T21:27:24","modified_gmt":"2025-06-27T02:27:24","slug":"shortcodes","status":"publish","type":"page","link":"https:\/\/web.afna.ec\/2025\/?page_id=1082","title":{"rendered":"NOSOTROS"},"content":{"rendered":"<div class=\"wpb-content-wrapper\"><p>[vc_row][vc_column]\n\t\t\t\t<p class=\"rs-p-wp-fix\"><\/p>\n\t\t\t\t<sr7-module data-alias=\"home2\" data-id=\"1\" id=\"SR7_1_1\" data-version=\"7.0.4\">\n\t\t\t\t\t<sr7-adjuster><\/sr7-adjuster>\n\t\t\t\t\t<sr7-content>\n\t\t\t\t\t\t<sr7-slide id=\"SR7_1_1-1\" data-key=\"1\">\n\t\t\t\t\t\t\t<sr7-bg id=\"SR7_1_1-1-10\" class=\"sr7-layer\"><noscript><img decoding=\"async\" src=\"https:\/\/web.afna.ec\/2025\/wp-content\/uploads\/2026\/04\/banner_1.jpg\" alt=\"\" title=\"banner_2026\"><\/noscript><\/sr7-bg>\n\t\t\t\t\t\t\t<sr7-txt id=\"SR7_1_1-1-1\" class=\"sr7-layer\"><\/sr7-txt>\n\t\t\t\t\t\t\t<sr7-txt id=\"SR7_1_1-1-3\" class=\"sr7-layer\">La Asociaci\u00f3n de F\u00fatbol No Amateur de Pichincha<\/sr7-txt>\n\t\t\t\t\t\t\t<sr7-txt id=\"SR7_1_1-1-9\" class=\"sr7-layer\"><span class=\"primaryColor\">AFNA<\/span> <\/sr7-txt>\n\t\t\t\t\t\t<\/sr7-slide>\n\t\t\t\t\t\t<sr7-slide id=\"SR7_1_1-2\" data-key=\"2\">\n\t\t\t\t\t\t\t<sr7-bg id=\"SR7_1_1-2-16\" class=\"sr7-layer\"><noscript><img decoding=\"async\" src=\"https:\/\/web.afna.ec\/2025\/wp-content\/uploads\/2026\/04\/banner_1.jpg\" alt=\"\" title=\"banner_solo\"><\/noscript><\/sr7-bg>\n\t\t\t\t\t\t\t<sr7-txt id=\"SR7_1_1-2-1\" class=\"sr7-layer\">La Asociaci\u00f3n de F\u00fatbol No Amateur de Pichincha<\/sr7-txt>\n\t\t\t\t\t\t\t<sr7-txt id=\"SR7_1_1-2-3\" class=\"sr7-layer\">Estamos conformados por personal de amplia experiencia en el medio deportivo,  <br>trabajamos en conjunto con la \u00fanica convicci\u00f3n de servir y ayudar al desarrollo <br>del f\u00fatbol de nuestra provincia. <\/sr7-txt>\n\t\t\t\t\t\t\t<sr7-txt id=\"SR7_1_1-2-9\" class=\"sr7-layer\"><span class=\"primaryColor\">A.F.N.A.<\/span> <\/sr7-txt>\n\t\t\t\t\t\t<\/sr7-slide>\n\t\t\t\t\t\t<sr7-slide id=\"SR7_1_1-3\" data-key=\"3\">\n\t\t\t\t\t\t<\/sr7-slide>\n\t\t\t\t\t<\/sr7-content>\n\t\t\t\t\t<image_lists style=\"display:none\">\n\t\t\t\t\t\t<img data-src=\"\/\/web.afna.ec\/2025\/wp-content\/uploads\/revslider\/o\/1\/96c30d347fb422dee70ce653d5bd80af.webp\" data-libid=\"1435\" title=\"bl.png\" width=\"0\" height=\"0\" data-dbsrc=\"Ly93ZWIuYWZuYS5lYy8yMDI1L3dwLWNvbnRlbnQvdXBsb2Fkcy9yZXZzbGlkZXIvaG9tZTIvYmwucG5n\"\/>\n\t\t\t\t\t\t<img data-src=\"\/\/web.afna.ec\/2025\/wp-content\/uploads\/revslider\/o\/1\/a9be109cb3137f11f9078e672725e2fe.webp\" data-libid=\"2665\" data-lib=\"medialibrary\" title=\"banner_2026\" width=\"0\" height=\"0\" data-dbsrc=\"Ly93ZWIuYWZuYS5lYy8yMDI1L3dwLWNvbnRlbnQvdXBsb2Fkcy8yMDI2LzA0L2Jhbm5lcl8xLmpwZw==\"\/>\n\t\t\t\t\t\t<img data-src=\"\/\/web.afna.ec\/2025\/wp-content\/uploads\/revslider\/o\/1\/73f52ed0d2055f7acaf35471cf632e56.webp\" data-libid=\"2666\" data-lib=\"wp\" title=\"72_a\u00f1os_2.1 copia\" width=\"0\" height=\"0\" data-dbsrc=\"Ly93ZWIuYWZuYS5lYy8yMDI1L3dwLWNvbnRlbnQvdXBsb2Fkcy8yMDI2LzAxLzcyX2Fub3NfMi4xLWNvcGlhLnBuZw==\"\/>\n\t\t\t\t\t\t<img data-src=\"\/\/web.afna.ec\/2025\/wp-content\/uploads\/revslider\/o\/1\/b3acca0e25552ebaafd40460ec936cb7.webp\" data-libid=\"2024\" data-lib=\"wp\" title=\"somos_futbolo_somos_AFNA\" width=\"0\" height=\"0\" data-dbsrc=\"Ly93ZWIuYWZuYS5lYy8yMDI1L3dwLWNvbnRlbnQvdXBsb2Fkcy8yMDI1LzA2L3NvbW9zX2Z1dGJvbG9fc29tb3NfQUZOQS5wbmc=\"\/>\n\t\t\t\t\t<\/image_lists>\n\t\t\t\t<\/sr7-module>\n\t\t\t\t<script>\n\t\t\t\t\twindow.SR7??={}; SR7.PMH ??={}; SR7.PMH[\"SR7_1_1\"] = {cn:100,state:false,fn: function() { if (window._tpt!==undefined && window._tpt.prepareModuleHeight !== undefined) {  _tpt.prepareModuleHeight({id:\"SR7_1_1\",el:[701,701,731,960,720],type:'standard',gh:[815,815,768,960,720],gw:[1440,1440,1024,778,480],vpt:['-100px&#039;,&#039;-100px&#039;,&#039;-100px&#039;,&#039;-100px&#039;,&#039;-100px'],size:{fullWidth:true, fullHeight:true},fho:'',mh:'0',onh:0,onw:0,bg:{color:'{\"orig\":\"transparent\",\"type\":\"solid\",\"string\":\"transparent\"}'},plType:'0',plColor:'#FFFFFF'});   SR7.PMH[\"SR7_1_1\"].state=true;} else if(SR7.PMH[\"SR7_1_1\"].cn-->0)\tsetTimeout( SR7.PMH[\"SR7_1_1\"].fn,19);}};SR7.PMH[\"SR7_1_1\" ].fn();\n\t\t\t\t<\/script>\n[vc_empty_space height=&#8221;60&#8243;][\/vc_column][\/vc_row][vc_row][vc_column width=&#8221;2\/3&#8243;][alc_jumbotron title=&#8221;AFNA&#8221; subtitle=&#8221;Asociaci\u00f3n de F\u00fatbol No Amateur de Pichincha&#8221; description=&#8221;Es una entidad deportiva la cual representa a todos los clubes profesionales de f\u00fatbol de la provincia. Fundada el 22 de noviembre de 1953, nace con la idea de defender los derechos e intereses de sus clubes afiliados frente a otros entes reguladores, adem\u00e1s de integrar una comunidad de sana competencia y fomentar el crecimiento de este deporte de manera integral.&#8221; image=&#8221;1425&#8243;][alc_jumbotron title=&#8221;MISI\u00d3N&#8221; subtitle=&#8221;Asociaci\u00f3n de F\u00fatbol No Amateur de Pichincha&#8221; description=&#8221;Ser la mejor asociaci\u00f3n de f\u00fatbol del pa\u00eds dotando y potencializando a nuestros clubes afiliados con mejor infraestructura y servicios especializados para su crecimiento y beneficio.&#8221;][alc_jumbotron title=&#8221;VISI\u00d3N&#8221; subtitle=&#8221;Asociaci\u00f3n de F\u00fatbol No Amateur de Pichincha&#8221; description=&#8221;Ser los pioneros en la realizaci\u00f3n de torneos que impulsen el desarrollo formativo e integral  de la segunda categor\u00eda provincial durante los pr\u00f3ximos 10 a\u00f1os .&#8221;][\/vc_column][vc_column width=&#8221;1\/3&#8243;][alc_post_grid posts_layout=&#8221;layout_4&#8243;][alc_text_ticker items_per_page=&#8221;0&#8243; order=&#8221;ASC&#8221; show_excerpt=&#8221;&#8221; show_categories=&#8221;&#8221; title=&#8221;AFNA&#8221;][\/vc_column][\/vc_row][vc_row][vc_column width=&#8221;1\/2&#8243;][vc_single_image image=&#8221;2024&#8243; img_size=&#8221;medium&#8221; alignment=&#8221;right&#8221; css=&#8221;&#8221;][\/vc_column][vc_column width=&#8221;1\/2&#8243;][vc_single_image image=&#8221;2019&#8243; img_size=&#8221;medium&#8221; css=&#8221;&#8221;][\/vc_column][\/vc_row]<\/p>\n<\/div>","protected":false},"excerpt":{"rendered":"<p>[vc_row][vc_column][vc_empty_space height=&#8221;60&#8243;][\/vc_column][\/vc_row][vc_row][vc_column width=&#8221;2\/3&#8243;][alc_jumbotron title=&#8221;AFNA&#8221; subtitle=&#8221;Asociaci\u00f3n de F\u00fatbol No Amateur de Pichincha&#8221; description=&#8221;Es una entidad deportiva la cual representa a todos los clubes profesionales de f\u00fatbol de la provincia. Fundada el 22 de noviembre de 1953, nace con la idea de defender los derechos e intereses de sus clubes afiliados frente a otros entes reguladores, adem\u00e1s&#8230;<\/p>\n","protected":false},"author":1,"featured_media":0,"parent":0,"menu_order":0,"comment_status":"closed","ping_status":"closed","template":"template-full-width.php","meta":{"_acf_changed":false,"rs_blank_template":"","rs_page_bg_color":"","slide_template_v7":"","footnotes":""},"class_list":["post-1082","page","type-page","status-publish","hentry"],"acf":[],"_links":{"self":[{"href":"https:\/\/web.afna.ec\/2025\/index.php?rest_route=\/wp\/v2\/pages\/1082","targetHints":{"allow":["GET"]}}],"collection":[{"href":"https:\/\/web.afna.ec\/2025\/index.php?rest_route=\/wp\/v2\/pages"}],"about":[{"href":"https:\/\/web.afna.ec\/2025\/index.php?rest_route=\/wp\/v2\/types\/page"}],"author":[{"embeddable":true,"href":"https:\/\/web.afna.ec\/2025\/index.php?rest_route=\/wp\/v2\/users\/1"}],"replies":[{"embeddable":true,"href":"https:\/\/web.afna.ec\/2025\/index.php?rest_route=%2Fwp%2Fv2%2Fcomments&post=1082"}],"version-history":[{"count":21,"href":"https:\/\/web.afna.ec\/2025\/index.php?rest_route=\/wp\/v2\/pages\/1082\/revisions"}],"predecessor-version":[{"id":2028,"href":"https:\/\/web.afna.ec\/2025\/index.php?rest_route=\/wp\/v2\/pages\/1082\/revisions\/2028"}],"wp:attachment":[{"href":"https:\/\/web.afna.ec\/2025\/index.php?rest_route=%2Fwp%2Fv2%2Fmedia&parent=1082"}],"curies":[{"name":"wp","href":"https:\/\/api.w.org\/{rel}","templated":true}]}}