{"id":1361,"date":"2020-03-08T18:59:56","date_gmt":"2020-03-08T18:59:56","guid":{"rendered":"http:\/\/alchemists-wp.dan-fisher.com\/soccer\/?page_id=1361"},"modified":"2026-04-16T20:53:56","modified_gmt":"2026-04-17T01:53:56","slug":"sponsors","status":"publish","type":"page","link":"https:\/\/web.afna.ec\/2025\/?page_id=1361","title":{"rendered":"REGLAMENTO AFNA"},"content":{"rendered":"<div class=\"wpb-content-wrapper\">[vc_row][vc_column]\n\t\t\t\t<p class=\"rs-p-wp-fix\"><\/p>\n\t\t\t\t<sr7-module data-alias=\"home2\" data-id=\"1\" id=\"SR7_1_1\" data-version=\"7.0.4\">\n\t\t\t\t\t<sr7-adjuster><\/sr7-adjuster>\n\t\t\t\t\t<sr7-content>\n\t\t\t\t\t\t<sr7-slide id=\"SR7_1_1-1\" data-key=\"1\">\n\t\t\t\t\t\t\t<sr7-bg id=\"SR7_1_1-1-10\" class=\"sr7-layer\"><noscript><img decoding=\"async\" src=\"https:\/\/web.afna.ec\/2025\/wp-content\/uploads\/2026\/04\/banner_1.jpg\" alt=\"\" title=\"banner_2026\"><\/noscript><\/sr7-bg>\n\t\t\t\t\t\t\t<sr7-txt id=\"SR7_1_1-1-1\" class=\"sr7-layer\"><\/sr7-txt>\n\t\t\t\t\t\t\t<sr7-txt id=\"SR7_1_1-1-3\" class=\"sr7-layer\">La Asociaci\u00f3n de F\u00fatbol No Amateur de Pichincha<\/sr7-txt>\n\t\t\t\t\t\t\t<sr7-txt id=\"SR7_1_1-1-9\" class=\"sr7-layer\"><span class=\"primaryColor\">AFNA<\/span> <\/sr7-txt>\n\t\t\t\t\t\t<\/sr7-slide>\n\t\t\t\t\t\t<sr7-slide id=\"SR7_1_1-2\" data-key=\"2\">\n\t\t\t\t\t\t\t<sr7-bg id=\"SR7_1_1-2-16\" class=\"sr7-layer\"><noscript><img decoding=\"async\" src=\"https:\/\/web.afna.ec\/2025\/wp-content\/uploads\/2026\/04\/banner_1.jpg\" alt=\"\" title=\"banner_solo\"><\/noscript><\/sr7-bg>\n\t\t\t\t\t\t\t<sr7-txt id=\"SR7_1_1-2-1\" class=\"sr7-layer\">La Asociaci\u00f3n de F\u00fatbol No Amateur de Pichincha<\/sr7-txt>\n\t\t\t\t\t\t\t<sr7-txt id=\"SR7_1_1-2-3\" class=\"sr7-layer\">Estamos conformados por personal de amplia experiencia en el medio deportivo,  <br>trabajamos en conjunto con la \u00fanica convicci\u00f3n de servir y ayudar al desarrollo <br>del f\u00fatbol de nuestra provincia. <\/sr7-txt>\n\t\t\t\t\t\t\t<sr7-txt id=\"SR7_1_1-2-9\" class=\"sr7-layer\"><span class=\"primaryColor\">A.F.N.A.<\/span> <\/sr7-txt>\n\t\t\t\t\t\t<\/sr7-slide>\n\t\t\t\t\t\t<sr7-slide id=\"SR7_1_1-3\" data-key=\"3\">\n\t\t\t\t\t\t<\/sr7-slide>\n\t\t\t\t\t<\/sr7-content>\n\t\t\t\t\t<image_lists style=\"display:none\">\n\t\t\t\t\t\t<img data-src=\"\/\/web.afna.ec\/2025\/wp-content\/uploads\/revslider\/o\/1\/96c30d347fb422dee70ce653d5bd80af.webp\" data-libid=\"1435\" title=\"bl.png\" width=\"0\" height=\"0\" data-dbsrc=\"Ly93ZWIuYWZuYS5lYy8yMDI1L3dwLWNvbnRlbnQvdXBsb2Fkcy9yZXZzbGlkZXIvaG9tZTIvYmwucG5n\"\/>\n\t\t\t\t\t\t<img data-src=\"\/\/web.afna.ec\/2025\/wp-content\/uploads\/revslider\/o\/1\/a9be109cb3137f11f9078e672725e2fe.webp\" data-libid=\"2665\" data-lib=\"medialibrary\" title=\"banner_2026\" width=\"0\" height=\"0\" data-dbsrc=\"Ly93ZWIuYWZuYS5lYy8yMDI1L3dwLWNvbnRlbnQvdXBsb2Fkcy8yMDI2LzA0L2Jhbm5lcl8xLmpwZw==\"\/>\n\t\t\t\t\t\t<img data-src=\"\/\/web.afna.ec\/2025\/wp-content\/uploads\/revslider\/o\/1\/73f52ed0d2055f7acaf35471cf632e56.webp\" data-libid=\"2666\" data-lib=\"wp\" title=\"72_a\u00f1os_2.1 copia\" width=\"0\" height=\"0\" data-dbsrc=\"Ly93ZWIuYWZuYS5lYy8yMDI1L3dwLWNvbnRlbnQvdXBsb2Fkcy8yMDI2LzAxLzcyX2Fub3NfMi4xLWNvcGlhLnBuZw==\"\/>\n\t\t\t\t\t\t<img data-src=\"\/\/web.afna.ec\/2025\/wp-content\/uploads\/revslider\/o\/1\/b3acca0e25552ebaafd40460ec936cb7.webp\" data-libid=\"2024\" data-lib=\"wp\" title=\"somos_futbolo_somos_AFNA\" width=\"0\" height=\"0\" data-dbsrc=\"Ly93ZWIuYWZuYS5lYy8yMDI1L3dwLWNvbnRlbnQvdXBsb2Fkcy8yMDI1LzA2L3NvbW9zX2Z1dGJvbG9fc29tb3NfQUZOQS5wbmc=\"\/>\n\t\t\t\t\t<\/image_lists>\n\t\t\t\t<\/sr7-module>\n\t\t\t\t<script>\n\t\t\t\t\twindow.SR7??={}; SR7.PMH ??={}; SR7.PMH[\"SR7_1_1\"] = {cn:100,state:false,fn: function() { if (window._tpt!==undefined && window._tpt.prepareModuleHeight !== undefined) {  _tpt.prepareModuleHeight({id:\"SR7_1_1\",el:[701,701,731,960,720],type:'standard',gh:[815,815,768,960,720],gw:[1440,1440,1024,778,480],vpt:['-100px&#039;,&#039;-100px&#039;,&#039;-100px&#039;,&#039;-100px&#039;,&#039;-100px'],size:{fullWidth:true, fullHeight:true},fho:'',mh:'0',onh:0,onw:0,bg:{color:'{\"orig\":\"transparent\",\"type\":\"solid\",\"string\":\"transparent\"}'},plType:'0',plColor:'#FFFFFF'});   SR7.PMH[\"SR7_1_1\"].state=true;} else if(SR7.PMH[\"SR7_1_1\"].cn-->0)\tsetTimeout( SR7.PMH[\"SR7_1_1\"].fn,19);}};SR7.PMH[\"SR7_1_1\" ].fn();\n\t\t\t\t<\/script>\n[vc_empty_space height=&#8221;60&#8243;][\/vc_column][\/vc_row][vc_row][vc_column][alc_jumbotron title=&#8221;AFNA&#8221; subtitle=&#8221;REGLAMENTOS CAMPEONATOS 2025&#8243; description=&#8221;Este es el reglamento aprobado para los campeonatos de AFNA&#8221; image=&#8221;1425&#8243;][vc_row_inner][vc_column_inner width=&#8221;1\/2&#8243;][vc_gutenberg css=&#8221;&#8221;]\n<div data-wp-interactive=\"core\/file\" class=\"wp-block-file\"><object data-wp-bind--hidden=\"!state.hasPdfPreview\" hidden class=\"wp-block-file__embed\" style=\"width: 100%; height: 600px;\" data=\"https:\/\/web.afna.ec\/2025\/wp-content\/uploads\/2026\/04\/REGLAMENTO-ASCENSO-NACIONAL-2026.pdf\" type=\"application\/pdf\" width=\"300\" height=\"150\" aria-label=\"Incrustado de REGLAMENTO ASCENSO NACIONAL 2026.\"><\/object><a id=\"wp-block-file--media-aedb1c9c-6811-461a-93b2-dd59a63497ab\" href=\"https:\/\/web.afna.ec\/2025\/wp-content\/uploads\/2026\/04\/REGLAMENTO-ASCENSO-NACIONAL-2026.pdf\">REGLAMENTO ASCENSO NACIONAL 2026<\/a><a class=\"wp-block-file__button wp-element-button\" href=\"https:\/\/web.afna.ec\/2025\/wp-content\/uploads\/2026\/04\/REGLAMENTO-ASCENSO-NACIONAL-2026.pdf\" download=\"\" aria-describedby=\"wp-block-file--media-aedb1c9c-6811-461a-93b2-dd59a63497ab\">Descarga<\/a><\/div>\n[\/vc_gutenberg][\/vc_column_inner][vc_column_inner width=&#8221;1\/2&#8243;][vc_gutenberg css=&#8221;&#8221;]\n<div data-wp-interactive=\"core\/file\" class=\"wp-block-file\"><object data-wp-bind--hidden=\"!state.hasPdfPreview\" hidden class=\"wp-block-file__embed\" style=\"width: 100%; height: 600px;\" data=\"https:\/\/web.afna.ec\/2025\/wp-content\/uploads\/2026\/04\/Reglamento-de-los-Campeonatos-Nacionales-de-Categorias-Formativas-2026-1.pdf\" type=\"application\/pdf\" width=\"300\" height=\"150\" aria-label=\"Incrustado de Reglamento de los Campeonatos Nacionales de Categori\u0301as Formativas 2026 (1).\"><\/object><a id=\"wp-block-file--media-0cda070d-cfd1-44e9-941c-4e736b5c9af4\" href=\"https:\/\/web.afna.ec\/2025\/wp-content\/uploads\/2026\/04\/Reglamento-de-los-Campeonatos-Nacionales-de-Categorias-Formativas-2026-1.pdf\">Reglamento de los Campeonatos Nacionales de Categori\u0301as Formativas 2026 (1)<\/a><a class=\"wp-block-file__button wp-element-button\" href=\"https:\/\/web.afna.ec\/2025\/wp-content\/uploads\/2026\/04\/Reglamento-de-los-Campeonatos-Nacionales-de-Categorias-Formativas-2026-1.pdf\" download=\"\" aria-describedby=\"wp-block-file--media-0cda070d-cfd1-44e9-941c-4e736b5c9af4\">Descarga<\/a><\/div>\n[\/vc_gutenberg][\/vc_column_inner][\/vc_row_inner][vc_empty_space][vc_row_inner][vc_column_inner width=&#8221;1\/2&#8243;][vc_gutenberg css=&#8221;&#8221;]\n<div data-wp-interactive=\"core\/file\" class=\"wp-block-file\"><object data-wp-bind--hidden=\"!state.hasPdfPreview\" hidden class=\"wp-block-file__embed\" style=\"width: 100%; height: 600px;\" data=\"https:\/\/web.afna.ec\/2025\/wp-content\/uploads\/2026\/04\/Reglamento-General-de-Competiciones-de-la-FEF-2026-1.pdf\" type=\"application\/pdf\" width=\"300\" height=\"150\" aria-label=\"Incrustado de Reglamento General de Competiciones de la FEF 2026 (1).\"><\/object><a id=\"wp-block-file--media-184c49be-5173-4323-b17a-02f946e0e190\" href=\"https:\/\/web.afna.ec\/2025\/wp-content\/uploads\/2026\/04\/Reglamento-General-de-Competiciones-de-la-FEF-2026-1.pdf\">Reglamento General de Competiciones de la FEF 2026 (1)<\/a><a class=\"wp-block-file__button wp-element-button\" href=\"https:\/\/web.afna.ec\/2025\/wp-content\/uploads\/2026\/04\/Reglamento-General-de-Competiciones-de-la-FEF-2026-1.pdf\" download=\"\" aria-describedby=\"wp-block-file--media-184c49be-5173-4323-b17a-02f946e0e190\">Descarga<\/a><\/div>\n[\/vc_gutenberg][\/vc_column_inner][vc_column_inner width=&#8221;1\/2&#8243;][vc_gutenberg css=&#8221;&#8221;]\n<div data-wp-interactive=\"core\/file\" class=\"wp-block-file\"><object data-wp-bind--hidden=\"!state.hasPdfPreview\" hidden class=\"wp-block-file__embed\" style=\"width: 100%; height: 600px;\" data=\"https:\/\/web.afna.ec\/2025\/wp-content\/uploads\/2025\/09\/REGLAMENTO-ASCENSO-AFNA-2025.pdf\" type=\"application\/pdf\" width=\"300\" height=\"150\" aria-label=\"Incrustado de REGLAMENTO ASCENSO AFNA 2025.\"><\/object><a id=\"wp-block-file--media-6a9de885-13f8-4d26-a8a7-fcb229acbb5e\" href=\"https:\/\/web.afna.ec\/2025\/wp-content\/uploads\/2025\/09\/REGLAMENTO-ASCENSO-AFNA-2025.pdf\">REGLAMENTO ASCENSO AFNA 2025<\/a><a class=\"wp-block-file__button wp-element-button\" href=\"https:\/\/web.afna.ec\/2025\/wp-content\/uploads\/2025\/09\/REGLAMENTO-ASCENSO-AFNA-2025.pdf\" download=\"\" aria-describedby=\"wp-block-file--media-6a9de885-13f8-4d26-a8a7-fcb229acbb5e\">Descarga<\/a><\/div>\n[\/vc_gutenberg][\/vc_column_inner][\/vc_row_inner][vc_empty_space][vc_row_inner][vc_column_inner width=&#8221;1\/2&#8243;][vc_gutenberg css=&#8221;&#8221;]\n<div data-wp-interactive=\"core\/file\" class=\"wp-block-file\"><object data-wp-bind--hidden=\"!state.hasPdfPreview\" hidden class=\"wp-block-file__embed\" style=\"width: 100%; height: 600px;\" data=\"https:\/\/web.afna.ec\/2025\/wp-content\/uploads\/2026\/04\/Anexo-I-del-Reglamento-de-los-Campeonatos-Nacionales-de-Categorias-Formativas-2026.pdf\" type=\"application\/pdf\" width=\"300\" height=\"150\" aria-label=\"Incrustado de Anexo I del Reglamento de los Campeonatos Nacionales de Categori\u0301as Formativas 2026.\"><\/object><a id=\"wp-block-file--media-1e4bcbc7-f693-47f9-8979-d65aaa7dbdac\" href=\"https:\/\/web.afna.ec\/2025\/wp-content\/uploads\/2026\/04\/Anexo-I-del-Reglamento-de-los-Campeonatos-Nacionales-de-Categorias-Formativas-2026.pdf\">Anexo I del Reglamento de los Campeonatos Nacionales de Categori\u0301as Formativas 2026<\/a><a class=\"wp-block-file__button wp-element-button\" href=\"https:\/\/web.afna.ec\/2025\/wp-content\/uploads\/2026\/04\/Anexo-I-del-Reglamento-de-los-Campeonatos-Nacionales-de-Categorias-Formativas-2026.pdf\" download=\"\" aria-describedby=\"wp-block-file--media-1e4bcbc7-f693-47f9-8979-d65aaa7dbdac\">Descarga<\/a><\/div>\n[\/vc_gutenberg][\/vc_column_inner][vc_column_inner width=&#8221;1\/2&#8243;][vc_gutenberg css=&#8221;&#8221;]\n<div data-wp-interactive=\"core\/file\" class=\"wp-block-file\"><object data-wp-bind--hidden=\"!state.hasPdfPreview\" hidden class=\"wp-block-file__embed\" style=\"width: 100%; height: 600px;\" data=\"https:\/\/web.afna.ec\/2025\/wp-content\/uploads\/2025\/09\/REGLAMENTO-ASCENSO-AFNA-2025.pdf\" type=\"application\/pdf\" width=\"300\" height=\"150\" aria-label=\"Incrustado de REGLAMENTO ASCENSO AFNA 2025.\"><\/object><a id=\"wp-block-file--media-6a9de885-13f8-4d26-a8a7-fcb229acbb5e\" href=\"https:\/\/web.afna.ec\/2025\/wp-content\/uploads\/2025\/09\/REGLAMENTO-ASCENSO-AFNA-2025.pdf\">REGLAMENTO ASCENSO AFNA 2025<\/a><a class=\"wp-block-file__button wp-element-button\" href=\"https:\/\/web.afna.ec\/2025\/wp-content\/uploads\/2025\/09\/REGLAMENTO-ASCENSO-AFNA-2025.pdf\" download=\"\" aria-describedby=\"wp-block-file--media-6a9de885-13f8-4d26-a8a7-fcb229acbb5e\">Descarga<\/a><\/div>\n[\/vc_gutenberg][\/vc_column_inner][\/vc_row_inner][vc_empty_space][vc_row_inner][vc_column_inner width=&#8221;1\/2&#8243;][vc_gutenberg css=&#8221;&#8221;]\n<div data-wp-interactive=\"core\/file\" class=\"wp-block-file\"><object data-wp-bind--hidden=\"!state.hasPdfPreview\" hidden class=\"wp-block-file__embed\" style=\"width: 100%; height: 600px;\" data=\"https:\/\/web.afna.ec\/2025\/wp-content\/uploads\/2026\/04\/Codigo-Disciplinario-de-la-FEF-2026-3.pdf\" type=\"application\/pdf\" width=\"300\" height=\"150\" aria-label=\"Incrustado de Co\u0301digo Disciplinario de la FEF 2026 (3).\"><\/object><a id=\"wp-block-file--media-72b2f5a0-b2cf-4b4c-ae48-b3848c79e5e9\" href=\"https:\/\/web.afna.ec\/2025\/wp-content\/uploads\/2026\/04\/Codigo-Disciplinario-de-la-FEF-2026-3.pdf\">Co\u0301digo Disciplinario de la FEF 2026 (3)<\/a><a class=\"wp-block-file__button wp-element-button\" href=\"https:\/\/web.afna.ec\/2025\/wp-content\/uploads\/2026\/04\/Codigo-Disciplinario-de-la-FEF-2026-3.pdf\" download=\"\" aria-describedby=\"wp-block-file--media-72b2f5a0-b2cf-4b4c-ae48-b3848c79e5e9\">Descarga<\/a><\/div>\n[\/vc_gutenberg][\/vc_column_inner][vc_column_inner width=&#8221;1\/2&#8243;][vc_gutenberg css=&#8221;&#8221;]\n<div data-wp-interactive=\"core\/file\" class=\"wp-block-file\"><object data-wp-bind--hidden=\"!state.hasPdfPreview\" hidden class=\"wp-block-file__embed\" style=\"width: 100%; height: 600px;\" data=\"https:\/\/web.afna.ec\/2025\/wp-content\/uploads\/2026\/04\/CALENDARIO-ASCENSO-NACIONAL-2026.pdf\" type=\"application\/pdf\" width=\"300\" height=\"150\" aria-label=\"Incrustado de CALENDARIO ASCENSO NACIONAL 2026.\"><\/object><a id=\"wp-block-file--media-a63a5ded-f554-4e62-8996-cf9a1fbdc86e\" href=\"https:\/\/web.afna.ec\/2025\/wp-content\/uploads\/2026\/04\/CALENDARIO-ASCENSO-NACIONAL-2026.pdf\">CALENDARIO ASCENSO NACIONAL 2026<\/a><a class=\"wp-block-file__button wp-element-button\" href=\"https:\/\/web.afna.ec\/2025\/wp-content\/uploads\/2026\/04\/CALENDARIO-ASCENSO-NACIONAL-2026.pdf\" download=\"\" aria-describedby=\"wp-block-file--media-a63a5ded-f554-4e62-8996-cf9a1fbdc86e\">Descarga<\/a><\/div>\n[\/vc_gutenberg][\/vc_column_inner][\/vc_row_inner][vc_empty_space][\/vc_column][\/vc_row][vc_row][vc_column][vc_empty_space][vc_single_image image=&#8221;1434&#8243; img_size=&#8221;large&#8221; alignment=&#8221;center&#8221; css=&#8221;&#8221;][\/vc_column][\/vc_row]<\/div>","protected":false},"excerpt":{"rendered":"<p>[vc_row][vc_column][vc_empty_space height=&#8221;60&#8243;][\/vc_column][\/vc_row][vc_row][vc_column][alc_jumbotron title=&#8221;AFNA&#8221; subtitle=&#8221;REGLAMENTOS CAMPEONATOS 2025&#8243; description=&#8221;Este es el reglamento aprobado para los campeonatos de AFNA&#8221; image=&#8221;1425&#8243;][vc_row_inner][vc_column_inner width=&#8221;1\/2&#8243;][vc_gutenberg css=&#8221;&#8221;][\/vc_gutenberg][\/vc_column_inner][vc_column_inner width=&#8221;1\/2&#8243;][vc_gutenberg css=&#8221;&#8221;][\/vc_gutenberg][\/vc_column_inner][\/vc_row_inner][vc_empty_space][vc_row_inner][vc_column_inner width=&#8221;1\/2&#8243;][vc_gutenberg css=&#8221;&#8221;][\/vc_gutenberg][\/vc_column_inner][vc_column_inner width=&#8221;1\/2&#8243;][vc_gutenberg css=&#8221;&#8221;][\/vc_gutenberg][\/vc_column_inner][\/vc_row_inner][vc_empty_space][vc_row_inner][vc_column_inner width=&#8221;1\/2&#8243;][vc_gutenberg css=&#8221;&#8221;][\/vc_gutenberg][\/vc_column_inner][vc_column_inner width=&#8221;1\/2&#8243;][vc_gutenberg css=&#8221;&#8221;][\/vc_gutenberg][\/vc_column_inner][\/vc_row_inner][vc_empty_space][vc_row_inner][vc_column_inner width=&#8221;1\/2&#8243;][vc_gutenberg css=&#8221;&#8221;][\/vc_gutenberg][\/vc_column_inner][vc_column_inner width=&#8221;1\/2&#8243;][vc_gutenberg css=&#8221;&#8221;][\/vc_gutenberg][\/vc_column_inner][\/vc_row_inner][vc_empty_space][\/vc_column][\/vc_row][vc_row][vc_column][vc_empty_space][vc_single_image image=&#8221;1434&#8243; img_size=&#8221;large&#8221; alignment=&#8221;center&#8221; css=&#8221;&#8221;][\/vc_column][\/vc_row]<\/p>\n","protected":false},"author":1,"featured_media":0,"parent":0,"menu_order":0,"comment_status":"closed","ping_status":"closed","template":"template-full-width.php","meta":{"_acf_changed":false,"rs_blank_template":"","rs_page_bg_color":"","slide_template_v7":"","footnotes":""},"class_list":["post-1361","page","type-page","status-publish","hentry"],"acf":[],"_links":{"self":[{"href":"https:\/\/web.afna.ec\/2025\/index.php?rest_route=\/wp\/v2\/pages\/1361","targetHints":{"allow":["GET"]}}],"collection":[{"href":"https:\/\/web.afna.ec\/2025\/index.php?rest_route=\/wp\/v2\/pages"}],"about":[{"href":"https:\/\/web.afna.ec\/2025\/index.php?rest_route=\/wp\/v2\/types\/page"}],"author":[{"embeddable":true,"href":"https:\/\/web.afna.ec\/2025\/index.php?rest_route=\/wp\/v2\/users\/1"}],"replies":[{"embeddable":true,"href":"https:\/\/web.afna.ec\/2025\/index.php?rest_route=%2Fwp%2Fv2%2Fcomments&post=1361"}],"version-history":[{"count":24,"href":"https:\/\/web.afna.ec\/2025\/index.php?rest_route=\/wp\/v2\/pages\/1361\/revisions"}],"predecessor-version":[{"id":2814,"href":"https:\/\/web.afna.ec\/2025\/index.php?rest_route=\/wp\/v2\/pages\/1361\/revisions\/2814"}],"wp:attachment":[{"href":"https:\/\/web.afna.ec\/2025\/index.php?rest_route=%2Fwp%2Fv2%2Fmedia&parent=1361"}],"curies":[{"name":"wp","href":"https:\/\/api.w.org\/{rel}","templated":true}]}}