{"id":577,"date":"2017-09-19T12:31:37","date_gmt":"2017-09-19T12:31:37","guid":{"rendered":"http:\/\/alchemists-wp.dan-fisher.com\/soccer\/?page_id=577"},"modified":"2025-10-03T12:50:45","modified_gmt":"2025-10-03T17:50:45","slug":"contact-us","status":"publish","type":"page","link":"https:\/\/web.afna.ec\/2025\/?page_id=577","title":{"rendered":"CONTACTOS"},"content":{"rendered":"<div class=\"wpb-content-wrapper\"><p>[vc_row css=&#8221;.vc_custom_1496587941845{margin-bottom: 60px !important;}&#8221;][vc_column]\n\t\t\t\t<p class=\"rs-p-wp-fix\"><\/p>\n\t\t\t\t<sr7-module data-alias=\"home2\" data-id=\"1\" id=\"SR7_1_1\" data-version=\"7.0.4\">\n\t\t\t\t\t<sr7-adjuster><\/sr7-adjuster>\n\t\t\t\t\t<sr7-content>\n\t\t\t\t\t\t<sr7-slide id=\"SR7_1_1-1\" data-key=\"1\">\n\t\t\t\t\t\t\t<sr7-bg id=\"SR7_1_1-1-10\" class=\"sr7-layer\"><noscript><img decoding=\"async\" src=\"https:\/\/web.afna.ec\/2025\/wp-content\/uploads\/2026\/04\/banner_1.jpg\" alt=\"\" title=\"banner_2026\"><\/noscript><\/sr7-bg>\n\t\t\t\t\t\t\t<sr7-txt id=\"SR7_1_1-1-1\" class=\"sr7-layer\"><\/sr7-txt>\n\t\t\t\t\t\t\t<sr7-txt id=\"SR7_1_1-1-3\" class=\"sr7-layer\">La Asociaci\u00f3n de F\u00fatbol No Amateur de Pichincha<\/sr7-txt>\n\t\t\t\t\t\t\t<sr7-txt id=\"SR7_1_1-1-9\" class=\"sr7-layer\"><span class=\"primaryColor\">AFNA<\/span> <\/sr7-txt>\n\t\t\t\t\t\t<\/sr7-slide>\n\t\t\t\t\t\t<sr7-slide id=\"SR7_1_1-2\" data-key=\"2\">\n\t\t\t\t\t\t\t<sr7-bg id=\"SR7_1_1-2-16\" class=\"sr7-layer\"><noscript><img decoding=\"async\" src=\"https:\/\/web.afna.ec\/2025\/wp-content\/uploads\/2026\/04\/banner_1.jpg\" alt=\"\" title=\"banner_solo\"><\/noscript><\/sr7-bg>\n\t\t\t\t\t\t\t<sr7-txt id=\"SR7_1_1-2-1\" class=\"sr7-layer\">La Asociaci\u00f3n de F\u00fatbol No Amateur de Pichincha<\/sr7-txt>\n\t\t\t\t\t\t\t<sr7-txt id=\"SR7_1_1-2-3\" class=\"sr7-layer\">Estamos conformados por personal de amplia experiencia en el medio deportivo,  <br>trabajamos en conjunto con la \u00fanica convicci\u00f3n de servir y ayudar al desarrollo <br>del f\u00fatbol de nuestra provincia. <\/sr7-txt>\n\t\t\t\t\t\t\t<sr7-txt id=\"SR7_1_1-2-9\" class=\"sr7-layer\"><span class=\"primaryColor\">A.F.N.A.<\/span> <\/sr7-txt>\n\t\t\t\t\t\t<\/sr7-slide>\n\t\t\t\t\t\t<sr7-slide id=\"SR7_1_1-3\" data-key=\"3\">\n\t\t\t\t\t\t<\/sr7-slide>\n\t\t\t\t\t<\/sr7-content>\n\t\t\t\t\t<image_lists style=\"display:none\">\n\t\t\t\t\t\t<img data-src=\"\/\/web.afna.ec\/2025\/wp-content\/uploads\/revslider\/o\/1\/96c30d347fb422dee70ce653d5bd80af.webp\" data-libid=\"1435\" title=\"bl.png\" width=\"0\" height=\"0\" data-dbsrc=\"Ly93ZWIuYWZuYS5lYy8yMDI1L3dwLWNvbnRlbnQvdXBsb2Fkcy9yZXZzbGlkZXIvaG9tZTIvYmwucG5n\"\/>\n\t\t\t\t\t\t<img data-src=\"\/\/web.afna.ec\/2025\/wp-content\/uploads\/revslider\/o\/1\/a9be109cb3137f11f9078e672725e2fe.webp\" data-libid=\"2665\" data-lib=\"medialibrary\" title=\"banner_2026\" width=\"0\" height=\"0\" data-dbsrc=\"Ly93ZWIuYWZuYS5lYy8yMDI1L3dwLWNvbnRlbnQvdXBsb2Fkcy8yMDI2LzA0L2Jhbm5lcl8xLmpwZw==\"\/>\n\t\t\t\t\t\t<img data-src=\"\/\/web.afna.ec\/2025\/wp-content\/uploads\/revslider\/o\/1\/73f52ed0d2055f7acaf35471cf632e56.webp\" data-libid=\"2666\" data-lib=\"wp\" title=\"72_a\u00f1os_2.1 copia\" width=\"0\" height=\"0\" data-dbsrc=\"Ly93ZWIuYWZuYS5lYy8yMDI1L3dwLWNvbnRlbnQvdXBsb2Fkcy8yMDI2LzAxLzcyX2Fub3NfMi4xLWNvcGlhLnBuZw==\"\/>\n\t\t\t\t\t\t<img data-src=\"\/\/web.afna.ec\/2025\/wp-content\/uploads\/revslider\/o\/1\/b3acca0e25552ebaafd40460ec936cb7.webp\" data-libid=\"2024\" data-lib=\"wp\" title=\"somos_futbolo_somos_AFNA\" width=\"0\" height=\"0\" data-dbsrc=\"Ly93ZWIuYWZuYS5lYy8yMDI1L3dwLWNvbnRlbnQvdXBsb2Fkcy8yMDI1LzA2L3NvbW9zX2Z1dGJvbG9fc29tb3NfQUZOQS5wbmc=\"\/>\n\t\t\t\t\t<\/image_lists>\n\t\t\t\t<\/sr7-module>\n\t\t\t\t<script>\n\t\t\t\t\twindow.SR7??={}; SR7.PMH ??={}; SR7.PMH[\"SR7_1_1\"] = {cn:100,state:false,fn: function() { if (window._tpt!==undefined && window._tpt.prepareModuleHeight !== undefined) {  _tpt.prepareModuleHeight({id:\"SR7_1_1\",el:[701,701,731,960,720],type:'standard',gh:[815,815,768,960,720],gw:[1440,1440,1024,778,480],vpt:['-100px&#039;,&#039;-100px&#039;,&#039;-100px&#039;,&#039;-100px&#039;,&#039;-100px'],size:{fullWidth:true, fullHeight:true},fho:'',mh:'0',onh:0,onw:0,bg:{color:'{\"orig\":\"transparent\",\"type\":\"solid\",\"string\":\"transparent\"}'},plType:'0',plColor:'#FFFFFF'});   SR7.PMH[\"SR7_1_1\"].state=true;} else if(SR7.PMH[\"SR7_1_1\"].cn-->0)\tsetTimeout( SR7.PMH[\"SR7_1_1\"].fn,19);}};SR7.PMH[\"SR7_1_1\" ].fn();\n\t\t\t\t<\/script>\n[alc_box title=&#8221;CONTACTOS&#8221;][vc_row_inner][vc_column_inner width=&#8221;1\/3&#8243;][vc_column_text css=&#8221;&#8221;]<\/p>\n<h5>Preguntas?\u00a0 Envia tu mensaje!<\/h5>\n<p>Cualquier inquietud comunicarse a nuestros n\u00fameros<\/p>\n<p><a href=\"tel:+02-2561024\">02-2561024<\/a><\/p>\n<h5>Correo Electr\u00f3nico<\/h5>\n<p><a href=\"mailto:info@afna.ec\">info@afna.ec<\/a><\/p>\n<p class=\"contact-title\">DIRECCI\u00d3N<\/p>\n<p class=\"_ap3a _aaco _aacu _aacy _aad6 _aade\" dir=\"auto\">Andaluc\u00eda N22 523 y Alfredo Mena Caama\u00f1o<\/p>\n<address><strong>Lunes a viernes:<\/strong> 9:00\u202fam a\u00a0 17:00\u202fpm<\/address>\n<p>[\/vc_column_text][\/vc_column_inner][vc_column_inner width=&#8221;2\/3&#8243;]\n<div class=\"wpcf7 no-js\" id=\"wpcf7-f575-o1\" lang=\"en-US\" dir=\"ltr\" data-wpcf7-id=\"575\">\n<div class=\"screen-reader-response\"><p role=\"status\" aria-live=\"polite\" aria-atomic=\"true\"><\/p> <ul><\/ul><\/div>\n<form action=\"\/2025\/index.php?rest_route=%2Fwp%2Fv2%2Fpages%2F577#wpcf7-f575-o1\" method=\"post\" class=\"wpcf7-form init\" aria-label=\"Contact form\" novalidate=\"novalidate\" data-status=\"init\">\n<fieldset class=\"hidden-fields-container\"><input type=\"hidden\" name=\"_wpcf7\" value=\"575\" \/><input type=\"hidden\" name=\"_wpcf7_version\" value=\"6.1.5\" \/><input type=\"hidden\" name=\"_wpcf7_locale\" value=\"en_US\" \/><input type=\"hidden\" name=\"_wpcf7_unit_tag\" value=\"wpcf7-f575-o1\" \/><input type=\"hidden\" name=\"_wpcf7_container_post\" value=\"0\" \/><input type=\"hidden\" name=\"_wpcf7_posted_data_hash\" value=\"\" \/>\n<\/fieldset>\n<div class=\"row\">\n\t<div class=\"col-md-4\">\n\t\t<div class=\"form-group\">\n\t\t\t<p><label>Nombre<span class=\"Requerido\">*<\/span><\/label><br \/>\n<span class=\"wpcf7-form-control-wrap\" data-name=\"input-name\"><input size=\"40\" maxlength=\"400\" class=\"wpcf7-form-control wpcf7-text wpcf7-validates-as-required form-control\" id=\"input-name\" aria-required=\"true\" aria-invalid=\"false\" placeholder=\"Your full name...\" value=\"\" type=\"text\" name=\"input-name\" \/><\/span>\n\t\t\t<\/p>\n\t\t<\/div>\n\t<\/div>\n\t<div class=\"col-md-4\">\n\t\t<div class=\"form-group\">\n\t\t\t<p><label>Email <span class=\"Requerido\">*<\/span><\/label><br \/>\n<span class=\"wpcf7-form-control-wrap\" data-name=\"input-email\"><input size=\"40\" maxlength=\"400\" class=\"wpcf7-form-control wpcf7-email wpcf7-validates-as-required wpcf7-text wpcf7-validates-as-email form-control\" id=\"input-email\" aria-required=\"true\" aria-invalid=\"false\" placeholder=\"Your email...\" value=\"\" type=\"email\" name=\"input-email\" \/><\/span>\n\t\t\t<\/p>\n\t\t<\/div>\n\t<\/div>\n\t<div class=\"col-md-4\">\n\t\t<div class=\"form-group\">\n\t\t\t<p><label>Asunto<\/label><br \/>\n<span class=\"wpcf7-form-control-wrap\" data-name=\"input-subject\"><input size=\"40\" maxlength=\"400\" class=\"wpcf7-form-control wpcf7-text form-control\" id=\"input-subject\" aria-invalid=\"false\" placeholder=\"Your subject...\" value=\"\" type=\"text\" name=\"input-subject\" \/><\/span>\n\t\t\t<\/p>\n\t\t<\/div>\n\t<\/div>\n<\/div>\n<div class=\"form-group\">\n\t<p><label>Mensaje <span class=\"required\">*<\/span><\/label><br \/>\n<span class=\"wpcf7-form-control-wrap\" data-name=\"textarea\"><textarea cols=\"40\" rows=\"5\" maxlength=\"2000\" class=\"wpcf7-form-control wpcf7-textarea wpcf7-validates-as-required form-control\" id=\"textarea\" aria-required=\"true\" aria-invalid=\"false\" placeholder=\"Enter your message here..\" name=\"textarea\"><\/textarea><\/span>\n\t<\/p>\n<\/div>\n<div class=\"form-group form-group--submit\">\n\t<p><input class=\"wpcf7-form-control wpcf7-submit has-spinner btn btn-primary-inverse btn-lg btn-block\" id=\"submit\" type=\"submit\" value=\"ENVIAR\" \/>\n\t<\/p>\n<\/div><div class=\"wpcf7-response-output\" aria-hidden=\"true\"><\/div>\n<\/form>\n<\/div>\n[\/vc_column_inner][\/vc_row_inner][\/alc_box][\/vc_column][\/vc_row][vc_row full_width=&#8221;stretch_row_content_no_spaces&#8221;][vc_column][vc_gmaps link=&#8221;#E-8_JTNDaWZyYW1lJTIwc3JjJTNEJTIyaHR0cHMlM0ElMkYlMkZ3d3cuZ29vZ2xlLmNvbSUyRm1hcHMlMkZlbWJlZCUzRnBiJTNEJTIxMW0xOCUyMTFtMTIlMjExbTMlMjExZDM3OTcuNTc0OTk4MTU0Mjk3NiUyMTJkLTc4LjQ5MDkzOTEyNTI2OTA4JTIxM2QtMC4yMDk1NTk4MzUzOTY2MDkzOCUyMTJtMyUyMTFmMCUyMTJmMCUyMTNmMCUyMTNtMiUyMTFpMTAyNCUyMTJpNzY4JTIxNGYxMy4xJTIxM20zJTIxMW0yJTIxMXMweDkxZDU5YTEwNmEwZDg0ZTclMjUzQTB4OTVjNjY0MGEwMDFjN2YyMiUyMTJzQWZuYSUyMTVlMSUyMTNtMiUyMTFzZXMlMjEyc2VjJTIxNHYxNzQ2MDU1MDA2MDQ5JTIxNW0yJTIxMXNlcyUyMTJzZWMlMjIlMjB3aWR0aCUzRCUyMjYwMCUyMiUyMGhlaWdodCUzRCUyMjQ1MCUyMiUyMHN0eWxlJTNEJTIyYm9yZGVyJTNBMCUzQiUyMiUyMGFsbG93ZnVsbHNjcmVlbiUzRCUyMiUyMiUyMGxvYWRpbmclM0QlMjJsYXp5JTIyJTIwcmVmZXJyZXJwb2xpY3klM0QlMjJuby1yZWZlcnJlci13aGVuLWRvd25ncmFkZSUyMiUzRSUzQyUyRmlmcmFtZSUzRQ==&#8221; css=&#8221;&#8221;][\/vc_column][\/vc_row]<\/p>\n<\/div>","protected":false},"excerpt":{"rendered":"<p>[vc_row css=&#8221;.vc_custom_1496587941845{margin-bottom: 60px !important;}&#8221;][vc_column][alc_box title=&#8221;CONTACTOS&#8221;][vc_row_inner][vc_column_inner width=&#8221;1\/3&#8243;][vc_column_text css=&#8221;&#8221;] Preguntas?\u00a0 Envia tu mensaje! Cualquier inquietud comunicarse a nuestros n\u00fameros 02-2561024 Correo Electr\u00f3nico info@afna.ec DIRECCI\u00d3N Andaluc\u00eda N22 523 y Alfredo Mena Caama\u00f1o Lunes a viernes: 9:00\u202fam a\u00a0 17:00\u202fpm [\/vc_column_text][\/vc_column_inner][vc_column_inner width=&#8221;2\/3&#8243;][\/vc_column_inner][\/vc_row_inner][\/alc_box][\/vc_column][\/vc_row][vc_row full_width=&#8221;stretch_row_content_no_spaces&#8221;][vc_column][vc_gmaps link=&#8221;#E-8_JTNDaWZyYW1lJTIwc3JjJTNEJTIyaHR0cHMlM0ElMkYlMkZ3d3cuZ29vZ2xlLmNvbSUyRm1hcHMlMkZlbWJlZCUzRnBiJTNEJTIxMW0xOCUyMTFtMTIlMjExbTMlMjExZDM3OTcuNTc0OTk4MTU0Mjk3NiUyMTJkLTc4LjQ5MDkzOTEyNTI2OTA4JTIxM2QtMC4yMDk1NTk4MzUzOTY2MDkzOCUyMTJtMyUyMTFmMCUyMTJmMCUyMTNmMCUyMTNtMiUyMTFpMTAyNCUyMTJpNzY4JTIxNGYxMy4xJTIxM20zJTIxMW0yJTIxMXMweDkxZDU5YTEwNmEwZDg0ZTclMjUzQTB4OTVjNjY0MGEwMDFjN2YyMiUyMTJzQWZuYSUyMTVlMSUyMTNtMiUyMTFzZXMlMjEyc2VjJTIxNHYxNzQ2MDU1MDA2MDQ5JTIxNW0yJTIxMXNlcyUyMTJzZWMlMjIlMjB3aWR0aCUzRCUyMjYwMCUyMiUyMGhlaWdodCUzRCUyMjQ1MCUyMiUyMHN0eWxlJTNEJTIyYm9yZGVyJTNBMCUzQiUyMiUyMGFsbG93ZnVsbHNjcmVlbiUzRCUyMiUyMiUyMGxvYWRpbmclM0QlMjJsYXp5JTIyJTIwcmVmZXJyZXJwb2xpY3klM0QlMjJuby1yZWZlcnJlci13aGVuLWRvd25ncmFkZSUyMiUzRSUzQyUyRmlmcmFtZSUzRQ==&#8221; css=&#8221;&#8221;][\/vc_column][\/vc_row]<\/p>\n","protected":false},"author":1,"featured_media":0,"parent":0,"menu_order":0,"comment_status":"closed","ping_status":"closed","template":"template-full-width.php","meta":{"_acf_changed":false,"rs_blank_template":"","rs_page_bg_color":"","slide_template_v7":"","footnotes":""},"class_list":["post-577","page","type-page","status-publish","hentry"],"acf":[],"_links":{"self":[{"href":"https:\/\/web.afna.ec\/2025\/index.php?rest_route=\/wp\/v2\/pages\/577","targetHints":{"allow":["GET"]}}],"collection":[{"href":"https:\/\/web.afna.ec\/2025\/index.php?rest_route=\/wp\/v2\/pages"}],"about":[{"href":"https:\/\/web.afna.ec\/2025\/index.php?rest_route=\/wp\/v2\/types\/page"}],"author":[{"embeddable":true,"href":"https:\/\/web.afna.ec\/2025\/index.php?rest_route=\/wp\/v2\/users\/1"}],"replies":[{"embeddable":true,"href":"https:\/\/web.afna.ec\/2025\/index.php?rest_route=%2Fwp%2Fv2%2Fcomments&post=577"}],"version-history":[{"count":7,"href":"https:\/\/web.afna.ec\/2025\/index.php?rest_route=\/wp\/v2\/pages\/577\/revisions"}],"predecessor-version":[{"id":2517,"href":"https:\/\/web.afna.ec\/2025\/index.php?rest_route=\/wp\/v2\/pages\/577\/revisions\/2517"}],"wp:attachment":[{"href":"https:\/\/web.afna.ec\/2025\/index.php?rest_route=%2Fwp%2Fv2%2Fmedia&parent=577"}],"curies":[{"name":"wp","href":"https:\/\/api.w.org\/{rel}","templated":true}]}}