{"id":583,"date":"2017-09-19T12:43:04","date_gmt":"2017-09-19T12:43:04","guid":{"rendered":"http:\/\/alchemists-wp.dan-fisher.com\/soccer\/?page_id=583"},"modified":"2026-04-20T20:33:55","modified_gmt":"2026-04-21T01:33:55","slug":"home","status":"publish","type":"page","link":"https:\/\/web.afna.ec\/2025\/","title":{"rendered":"Home"},"content":{"rendered":"<div class=\"wpb-content-wrapper\"><p>[vc_row][vc_column css=&#8221;.vc_custom_1775500278052{margin-top: -60px !important;border-top-width: 0px !important;padding-top: 0px !important;}&#8221;]\n\t\t\t\t<p class=\"rs-p-wp-fix\"><\/p>\n\t\t\t\t<sr7-module data-alias=\"home2\" data-id=\"1\" id=\"SR7_1_1\" data-version=\"7.0.4\">\n\t\t\t\t\t<sr7-adjuster><\/sr7-adjuster>\n\t\t\t\t\t<sr7-content>\n\t\t\t\t\t\t<sr7-slide id=\"SR7_1_1-1\" data-key=\"1\">\n\t\t\t\t\t\t\t<sr7-bg id=\"SR7_1_1-1-10\" class=\"sr7-layer\"><noscript><img decoding=\"async\" src=\"https:\/\/web.afna.ec\/2025\/wp-content\/uploads\/2026\/04\/banner_1.jpg\" alt=\"\" title=\"banner_2026\"><\/noscript><\/sr7-bg>\n\t\t\t\t\t\t\t<sr7-txt id=\"SR7_1_1-1-1\" class=\"sr7-layer\"><\/sr7-txt>\n\t\t\t\t\t\t\t<sr7-txt id=\"SR7_1_1-1-3\" class=\"sr7-layer\">La Asociaci\u00f3n de F\u00fatbol No Amateur de Pichincha<\/sr7-txt>\n\t\t\t\t\t\t\t<sr7-txt id=\"SR7_1_1-1-9\" class=\"sr7-layer\"><span class=\"primaryColor\">AFNA<\/span> <\/sr7-txt>\n\t\t\t\t\t\t<\/sr7-slide>\n\t\t\t\t\t\t<sr7-slide id=\"SR7_1_1-2\" data-key=\"2\">\n\t\t\t\t\t\t\t<sr7-bg id=\"SR7_1_1-2-16\" class=\"sr7-layer\"><noscript><img decoding=\"async\" src=\"https:\/\/web.afna.ec\/2025\/wp-content\/uploads\/2026\/04\/banner_1.jpg\" alt=\"\" title=\"banner_solo\"><\/noscript><\/sr7-bg>\n\t\t\t\t\t\t\t<sr7-txt id=\"SR7_1_1-2-1\" class=\"sr7-layer\">La Asociaci\u00f3n de F\u00fatbol No Amateur de Pichincha<\/sr7-txt>\n\t\t\t\t\t\t\t<sr7-txt id=\"SR7_1_1-2-3\" class=\"sr7-layer\">Estamos conformados por personal de amplia experiencia en el medio deportivo,  <br>trabajamos en conjunto con la \u00fanica convicci\u00f3n de servir y ayudar al desarrollo <br>del f\u00fatbol de nuestra provincia. <\/sr7-txt>\n\t\t\t\t\t\t\t<sr7-txt id=\"SR7_1_1-2-9\" class=\"sr7-layer\"><span class=\"primaryColor\">A.F.N.A.<\/span> <\/sr7-txt>\n\t\t\t\t\t\t<\/sr7-slide>\n\t\t\t\t\t\t<sr7-slide id=\"SR7_1_1-3\" data-key=\"3\">\n\t\t\t\t\t\t<\/sr7-slide>\n\t\t\t\t\t<\/sr7-content>\n\t\t\t\t\t<image_lists style=\"display:none\">\n\t\t\t\t\t\t<img data-src=\"\/\/web.afna.ec\/2025\/wp-content\/uploads\/revslider\/o\/1\/96c30d347fb422dee70ce653d5bd80af.webp\" data-libid=\"1435\" title=\"bl.png\" width=\"0\" height=\"0\" data-dbsrc=\"Ly93ZWIuYWZuYS5lYy8yMDI1L3dwLWNvbnRlbnQvdXBsb2Fkcy9yZXZzbGlkZXIvaG9tZTIvYmwucG5n\"\/>\n\t\t\t\t\t\t<img data-src=\"\/\/web.afna.ec\/2025\/wp-content\/uploads\/revslider\/o\/1\/a9be109cb3137f11f9078e672725e2fe.webp\" data-libid=\"2665\" data-lib=\"medialibrary\" title=\"banner_2026\" width=\"0\" height=\"0\" data-dbsrc=\"Ly93ZWIuYWZuYS5lYy8yMDI1L3dwLWNvbnRlbnQvdXBsb2Fkcy8yMDI2LzA0L2Jhbm5lcl8xLmpwZw==\"\/>\n\t\t\t\t\t\t<img data-src=\"\/\/web.afna.ec\/2025\/wp-content\/uploads\/revslider\/o\/1\/73f52ed0d2055f7acaf35471cf632e56.webp\" data-libid=\"2666\" data-lib=\"wp\" title=\"72_a\u00f1os_2.1 copia\" width=\"0\" height=\"0\" data-dbsrc=\"Ly93ZWIuYWZuYS5lYy8yMDI1L3dwLWNvbnRlbnQvdXBsb2Fkcy8yMDI2LzAxLzcyX2Fub3NfMi4xLWNvcGlhLnBuZw==\"\/>\n\t\t\t\t\t\t<img data-src=\"\/\/web.afna.ec\/2025\/wp-content\/uploads\/revslider\/o\/1\/b3acca0e25552ebaafd40460ec936cb7.webp\" data-libid=\"2024\" data-lib=\"wp\" title=\"somos_futbolo_somos_AFNA\" width=\"0\" height=\"0\" data-dbsrc=\"Ly93ZWIuYWZuYS5lYy8yMDI1L3dwLWNvbnRlbnQvdXBsb2Fkcy8yMDI1LzA2L3NvbW9zX2Z1dGJvbG9fc29tb3NfQUZOQS5wbmc=\"\/>\n\t\t\t\t\t<\/image_lists>\n\t\t\t\t<\/sr7-module>\n\t\t\t\t<script>\n\t\t\t\t\twindow.SR7??={}; SR7.PMH ??={}; SR7.PMH[\"SR7_1_1\"] = {cn:100,state:false,fn: function() { if (window._tpt!==undefined && window._tpt.prepareModuleHeight !== undefined) {  _tpt.prepareModuleHeight({id:\"SR7_1_1\",el:[701,701,731,960,720],type:'standard',gh:[815,815,768,960,720],gw:[1440,1440,1024,778,480],vpt:['-100px&#039;,&#039;-100px&#039;,&#039;-100px&#039;,&#039;-100px&#039;,&#039;-100px'],size:{fullWidth:true, fullHeight:true},fho:'',mh:'0',onh:0,onw:0,bg:{color:'{\"orig\":\"transparent\",\"type\":\"solid\",\"string\":\"transparent\"}'},plType:'0',plColor:'#FFFFFF'});   SR7.PMH[\"SR7_1_1\"].state=true;} else if(SR7.PMH[\"SR7_1_1\"].cn-->0)\tsetTimeout( SR7.PMH[\"SR7_1_1\"].fn,19);}};SR7.PMH[\"SR7_1_1\" ].fn();\n\t\t\t\t<\/script>\n[vc_empty_space][\/vc_column][\/vc_row][vc_row][vc_column offset=&#8221;vc_col-md-8&#8243; css=&#8221;.vc_custom_1775500105627{margin-top: 20px !important;}&#8221;][vc_text_separator title=&#8221;&#8221; css=&#8221;&#8221;][vc_empty_space][vc_single_image image=&#8221;2024&#8243; img_size=&#8221;full&#8221; alignment=&#8221;center&#8221; css_animation=&#8221;zoomIn&#8221; css=&#8221;&#8221;][vc_empty_space][vc_text_separator title=&#8221;CLUBES ASOCIADOS&#8221; css=&#8221;&#8221;][vc_empty_space][vc_row_inner][vc_column_inner width=&#8221;1\/6&#8243;][\/vc_column_inner][vc_column_inner width=&#8221;1\/6&#8243;][vc_single_image image=&#8221;1552&#8243; alignment=&#8221;center&#8221; onclick=&#8221;custom_link&#8221; img_link_target=&#8221;_blank&#8221; css=&#8221;&#8221; link=&#8221;https:\/\/www.independientedelvalle.com\/&#8221;][\/vc_column_inner][vc_column_inner width=&#8221;1\/6&#8243;][vc_single_image image=&#8221;1553&#8243; alignment=&#8221;center&#8221; onclick=&#8221;custom_link&#8221; img_link_target=&#8221;_blank&#8221; css=&#8221;&#8221; link=&#8221;https:\/\/ldu.com.ec\/LDU\/&#8221;][\/vc_column_inner][vc_column_inner width=&#8221;1\/6&#8243;][vc_single_image image=&#8221;1551&#8243; alignment=&#8221;center&#8221; onclick=&#8221;custom_link&#8221; img_link_target=&#8221;_blank&#8221; css=&#8221;&#8221; link=&#8221;https:\/\/www.instagram.com\/ucatolicaec\/?hl=es&#8221;][\/vc_column_inner][vc_column_inner width=&#8221;1\/6&#8243;][vc_single_image image=&#8221;1550&#8243; alignment=&#8221;center&#8221; onclick=&#8221;custom_link&#8221; img_link_target=&#8221;_blank&#8221; css=&#8221;&#8221; link=&#8221;https:\/\/aucas.ec\/&#8221;][\/vc_column_inner][vc_column_inner width=&#8221;1\/6&#8243;][\/vc_column_inner][\/vc_row_inner][vc_empty_space][alc_jumbotron title=&#8221;AFNA&#8221; subtitle=&#8221;Asociaci\u00f3n de F\u00fatbol No Amateur de Pichincha&#8221; description=&#8221;Es una entidad deportiva la cual representa a todos los clubes profesionales de f\u00fatbol de la provincia. Fundada el 22 de noviembre de 1953, nace con la idea de defender los derechos e intereses de sus clubes afiliados frente a otros entes reguladores, adem\u00e1s de integrar una comunidad de sana competencia y fomentar el crecimiento de este deporte de manera integral.&#8221; image=&#8221;2666&#8243;][alc_text_ticker items_per_page=&#8221;1&#8243; show_categories=&#8221;&#8221; title=&#8221;AFNA&#8221;][vc_row_inner][vc_column_inner width=&#8221;1\/4&#8243;][\/vc_column_inner][vc_column_inner width=&#8221;1\/2&#8243;][vc_empty_space][vc_single_image image=&#8221;1995&#8243; img_size=&#8221;full&#8221; alignment=&#8221;center&#8221; css=&#8221;&#8221;][\/vc_column_inner][vc_column_inner width=&#8221;1\/4&#8243;][\/vc_column_inner][\/vc_row_inner][vc_row_inner][vc_column_inner][alc_post_loop img_size=&#8221;full&#8221; items_per_page=&#8221;6&#8243; add_pagination=&#8221;1&#8243; taxonomies_categories=&#8221;noticias&#8221;][\/vc_column_inner][\/vc_row_inner][vc_row_inner][vc_column_inner width=&#8221;1\/2&#8243;][vc_single_image image=&#8221;2024&#8243; img_size=&#8221;full&#8221; css=&#8221;&#8221;][\/vc_column_inner][vc_column_inner width=&#8221;1\/2&#8243;][vc_single_image image=&#8221;2019&#8243; img_size=&#8221;full&#8221; css=&#8221;&#8221;][\/vc_column_inner][\/vc_row_inner][vc_media_grid style=&#8221;load-more&#8221; items_per_page=&#8221;8&#8243; element_width=&#8221;3&#8243; gap=&#8221;3&#8243; item=&#8221;masonryMedia_BorderedScale&#8221; css=&#8221;&#8221; grid_id=&#8221;vc_gid:1776733186360-a34199561bf39a1bd8ff9f30884a93be-6&#8243; include=&#8221;2725,2723,2720,2712,2713,2714,2715,2716,2711,2709,2710,2708,2707,2706,2705,2701,2700,2699,2698,2697,2696,2695,2694,2693,2692,2691,2690,2689,2688,2687&#8243;][\/vc_column][vc_column offset=&#8221;vc_col-md-4&#8243; css=&#8221;.vc_custom_1775500125190{margin-top: 20px !important;}&#8221;][vc_widget_sidebar sidebar_id=&#8221;home-sidebar-1&#8243;][alc_text_ticker items_per_page=&#8221;1&#8243; show_categories=&#8221;&#8221; title=&#8221;AFNA&#8221;][vc_empty_space height=&#8221;20&#8243;][alc_social_buttons layout_style=&#8221;columns&#8221; values=&#8221;%5B%7B%22btn_label%22%3A%22FACEBOOK%22%2C%22btn_label_2%22%3A%22SIGUENOS%22%2C%22btn_link%22%3A%22https%3A%2F%2Fwww.facebook.com%2FAfna.Oficial%22%2C%22btn_type%22%3A%22fb%22%7D%2C%7B%22btn_label%22%3A%22INSTAGRAM%22%2C%22btn_label_2%22%3A%22Follow%20Me%22%2C%22btn_link%22%3A%22https%3A%2F%2Fwww.instagram.com%2Fafnapichincha_%2F%22%2C%22btn_type%22%3A%22instagram%22%7D%2C%7B%22btn_label%22%3A%22X%22%2C%22btn_label_2%22%3A%22Follow%20Me%22%2C%22btn_link%22%3A%22https%3A%2F%2Fx.com%2FAFNAPichincha%22%2C%22btn_type%22%3A%22twitter%22%7D%5D&#8221;][vc_widget_sidebar sidebar_id=&#8221;home-sidebar-2&#8243;][\/vc_column][\/vc_row][vc_row][vc_column][vc_separator][\/vc_column][\/vc_row][vc_row][vc_column][\/vc_column][\/vc_row]<\/p>\n<\/div>","protected":false},"excerpt":{"rendered":"<p>[vc_row][vc_column css=&#8221;.vc_custom_1775500278052{margin-top: -60px !important;border-top-width: 0px !important;padding-top: 0px !important;}&#8221;][vc_empty_space][\/vc_column][\/vc_row][vc_row][vc_column offset=&#8221;vc_col-md-8&#8243; css=&#8221;.vc_custom_1775500105627{margin-top: 20px !important;}&#8221;][vc_text_separator title=&#8221;&#8221; css=&#8221;&#8221;][vc_empty_space][vc_single_image image=&#8221;2024&#8243; img_size=&#8221;full&#8221; alignment=&#8221;center&#8221; css_animation=&#8221;zoomIn&#8221; css=&#8221;&#8221;][vc_empty_space][vc_text_separator title=&#8221;CLUBES ASOCIADOS&#8221; css=&#8221;&#8221;][vc_empty_space][vc_row_inner][vc_column_inner width=&#8221;1\/6&#8243;][\/vc_column_inner][vc_column_inner width=&#8221;1\/6&#8243;][vc_single_image image=&#8221;1552&#8243; alignment=&#8221;center&#8221; onclick=&#8221;custom_link&#8221; img_link_target=&#8221;_blank&#8221; css=&#8221;&#8221; link=&#8221;https:\/\/www.independientedelvalle.com\/&#8221;][\/vc_column_inner][vc_column_inner width=&#8221;1\/6&#8243;][vc_single_image image=&#8221;1553&#8243; alignment=&#8221;center&#8221; onclick=&#8221;custom_link&#8221; img_link_target=&#8221;_blank&#8221; css=&#8221;&#8221; link=&#8221;https:\/\/ldu.com.ec\/LDU\/&#8221;][\/vc_column_inner][vc_column_inner width=&#8221;1\/6&#8243;][vc_single_image image=&#8221;1551&#8243; alignment=&#8221;center&#8221; onclick=&#8221;custom_link&#8221; img_link_target=&#8221;_blank&#8221; css=&#8221;&#8221; link=&#8221;https:\/\/www.instagram.com\/ucatolicaec\/?hl=es&#8221;][\/vc_column_inner][vc_column_inner width=&#8221;1\/6&#8243;][vc_single_image image=&#8221;1550&#8243; alignment=&#8221;center&#8221; onclick=&#8221;custom_link&#8221; img_link_target=&#8221;_blank&#8221; css=&#8221;&#8221; link=&#8221;https:\/\/aucas.ec\/&#8221;][\/vc_column_inner][vc_column_inner width=&#8221;1\/6&#8243;][\/vc_column_inner][\/vc_row_inner][vc_empty_space][alc_jumbotron title=&#8221;AFNA&#8221; subtitle=&#8221;Asociaci\u00f3n de&#8230;<\/p>\n","protected":false},"author":1,"featured_media":0,"parent":0,"menu_order":0,"comment_status":"closed","ping_status":"closed","template":"template-full-width.php","meta":{"_acf_changed":false,"rs_blank_template":"","rs_page_bg_color":"","slide_template_v7":"","footnotes":""},"class_list":["post-583","page","type-page","status-publish","hentry"],"acf":[],"_links":{"self":[{"href":"https:\/\/web.afna.ec\/2025\/index.php?rest_route=\/wp\/v2\/pages\/583","targetHints":{"allow":["GET"]}}],"collection":[{"href":"https:\/\/web.afna.ec\/2025\/index.php?rest_route=\/wp\/v2\/pages"}],"about":[{"href":"https:\/\/web.afna.ec\/2025\/index.php?rest_route=\/wp\/v2\/types\/page"}],"author":[{"embeddable":true,"href":"https:\/\/web.afna.ec\/2025\/index.php?rest_route=\/wp\/v2\/users\/1"}],"replies":[{"embeddable":true,"href":"https:\/\/web.afna.ec\/2025\/index.php?rest_route=%2Fwp%2Fv2%2Fcomments&post=583"}],"version-history":[{"count":162,"href":"https:\/\/web.afna.ec\/2025\/index.php?rest_route=\/wp\/v2\/pages\/583\/revisions"}],"predecessor-version":[{"id":2860,"href":"https:\/\/web.afna.ec\/2025\/index.php?rest_route=\/wp\/v2\/pages\/583\/revisions\/2860"}],"wp:attachment":[{"href":"https:\/\/web.afna.ec\/2025\/index.php?rest_route=%2Fwp%2Fv2%2Fmedia&parent=583"}],"curies":[{"name":"wp","href":"https:\/\/api.w.org\/{rel}","templated":true}]}}